{"id":3,"date":"2022-01-21T11:28:44","date_gmt":"2022-01-21T11:28:44","guid":{"rendered":"http:\/\/rincon.maximaweb.es\/?page_id=3"},"modified":"2025-02-20T12:17:23","modified_gmt":"2025-02-20T11:17:23","slug":"politica-privacidad","status":"publish","type":"page","link":"https:\/\/casastork.es\/es\/politica-privacidad\/","title":{"rendered":"Pol\u00edtica de privacidad"},"content":{"rendered":"\n<div style=\"height:147px\" aria-hidden=\"true\" class=\"wp-block-spacer\"><\/div>\n\n\n\n<p>En cumplimiento de lo establecido en la Ley Org\u00e1nica 15\/1999, de 13 de<br>diciembre, de Protecci\u00f3n de Datos de Car\u00e1cter Personal, Casa Stork se<br>compromete a tratar de forma confidencial los datos de car\u00e1cter personal<br>facilitados y a no comunicar o ceder dicha informaci\u00f3n a terceros.<\/p>\n\n\n\n<p>Usted podr\u00e1 de forma libre y voluntaria facilitar la informaci\u00f3n que se le pide en<br>los formularios salvo en los campos que aparecen como obligatorios. La no<br>introducci\u00f3n de la informaci\u00f3n solicitada como obligatoria podr\u00e1 tener como<br>consecuencia que no pueda atenderse su solicitud.<\/p>\n\n\n\n<p>A su vez, y en virtud de lo establecido en la Ley 34\/2002, de 11 de julio, de<br>Servicios de la Sociedad de la Informaci\u00f3n y de Comercio electr\u00f3nico, Casa Stork informa que podr\u00e1 utilizar las direcciones de correo electr\u00f3nico<br>facilitadas, para remitirte informaci\u00f3n acerca de sus productos y servicios, avisos<br>y ofertas y, en general, informaci\u00f3n de car\u00e1cter comercial de inter\u00e9s relativa a la<br>actividad de la empresa.<\/p>\n\n\n\n<p>Asimismo, le informamos de la posibilidad que tiene de ejercer los derechos de<br>acceso, rectificaci\u00f3n, cancelaci\u00f3n y oposici\u00f3n de sus datos de car\u00e1cter personal<br>de forma presencial en las oficinas de La Torrecilla Restaurante Lounge,<br>acompa\u00f1ando copia de DNI, o bien mediante correo postal dirigido a: Casa Stork, Pago Venta Real 27, 29753 C\u00f3mpeta, M\u00e1laga<\/p>\n\n\n\n<h2>T\u00e9rminos y condiciones.<\/h2>\n\n\n\n<ol>\n<li><strong>Introducci\u00f3n<\/strong><br>Las presentes condiciones generales de uso de la p\u00e1gina web, regulan los<br>t\u00e9rminos y condiciones de acceso y uso de https:\/\/casastork.es,<br>propiedad de Casa Stork, con domicilio en Pago Venta Real 27, 29753 C\u00f3mpeta, M\u00e1laga y en adelante, Casa Stork, que el usuario del Portal deber\u00e1 de leer y aceptar para usar todos los servicios e informaci\u00f3n que se facilitan desde el portal. El mero acceso y\/o utilizaci\u00f3n del portal, de todos o parte de sus contenidos y\/o servicios significa la plena aceptaci\u00f3n de las presentes condiciones generales de uso.<br><\/li>\n\n\n\n<li><strong>Condiciones de uso<br><\/strong>Las presentes condiciones generales de uso del portal regulan el acceso y la<br>utilizaci\u00f3n del portal, incluyendo los contenidos y los servicios puestos a<br>disposici\u00f3n de los usuarios en y\/o a trav\u00e9s del portal, bien por el portal, bien por<br>sus usuarios, bien por terceros. No obstante, el acceso y la utilizaci\u00f3n de ciertos<br>contenidos y\/o servicios puede encontrarse sometido a determinadas<br>condiciones espec\u00edficas.<br><\/li>\n\n\n\n<li><strong>Modificaciones<\/strong><br>La empresa se reserva la facultad de modificar en cualquier momento las<br>condiciones generales de uso del portal. En todo caso, se recomienda que<br>consulte peri\u00f3dicamente los presentes t\u00e9rminos de uso del portal, ya que<br>pueden ser modificados.<br><\/li>\n\n\n\n<li><strong>Obligaciones del Usuario<br><\/strong>El usuario deber\u00e1 respetar en todo momento los t\u00e9rminos y condiciones<br>establecidos en las presentes condiciones generales de uso del portal. De forma<br>expresa el usuario manifiesta que utilizar\u00e1 el portal de forma diligente y<br>asumiendo cualquier responsabilidad que pudiera derivarse del incumplimiento<br>de las normas.<br><br>As\u00ed mismo, el usuario no podr\u00e1 utilizar el portal para transmitir, almacenar,<br>divulgar promover o distribuir datos o contenidos que sean portadores de virus<br>o cualquier otro c\u00f3digo inform\u00e1tico, archivos o programas dise\u00f1ados para<br>interrumpir, destruir o perjudicar el funcionamiento de cualquier programa o<br>equipo inform\u00e1tico o de telecomunicaciones.<br><\/li>\n\n\n\n<li><strong>Responsabilidad del portal<\/strong><br>El usuario conoce y acepta que el portal no otorga ninguna garant\u00eda de<br>cualquier naturaleza, ya sea expresa o impl\u00edcita, sobre los datos, contenidos,<br>informaci\u00f3n y servicios que se incorporan y ofrecen desde el Portal.<br>Exceptuando los casos que la Ley imponga expresamente lo contrario, y<br>exclusivamente con la medida y extensi\u00f3n en que lo imponga, el Portal no<br>garantiza ni asume responsabilidad alguna respecto a los posibles da\u00f1os y<br>perjuicios causados por el uso y utilizaci\u00f3n de la informaci\u00f3n, datos y servicios<br>del Portal.<br><br>En todo caso, el Portal excluye cualquier responsabilidad por los da\u00f1os y<br>perjuicios que puedan deberse a la informaci\u00f3n y\/o servicios prestados o<br>suministrados por terceros diferentes de la Empresa. Toda responsabilidad ser\u00e1<br>del tercero ya sea proveedor o colaborador.<br><\/li>\n\n\n\n<li><strong>Propiedad intelectual e industrial<\/strong><br>Todos los contenidos, marcas, logos, dibujos, documentaci\u00f3n, programas<br>inform\u00e1ticos o cualquier otro elemento susceptible de protecci\u00f3n por la<br>legislaci\u00f3n de propiedad intelectual o industrial, que sean accesibles en el portal<br>corresponden exclusivamente a la empresa o a sus leg\u00edtimos titulares y quedan<br>expresamente reservados todos los derechos sobre los mismos. Queda<br>expresamente prohibida la creaci\u00f3n de enlaces de hipertexto (links) a cualquier<br>elemento integrante de las p\u00e1ginas web del Portal sin la autorizaci\u00f3n de la<br>empresa, siempre que no sean a una p\u00e1gina web del Portal que no requiera<br>identificaci\u00f3n o autenticaci\u00f3n para su acceso, o el mismo est\u00e9 restringido.<br>En cualquier caso, el portal se reserva todos los derechos sobre los contenidos,<br>informaci\u00f3n datos y servicios que ostente sobre los mismos. El portal no<br>concede ninguna licencia o autorizaci\u00f3n de uso al usuario sobre sus contenidos,<br>datos o servicios, distinta de la que expresamente se detalle en las presentes<br>condiciones generales de uso del portal.<br><\/li>\n\n\n\n<li><strong>Legislaci\u00f3n aplicable, jurisdicci\u00f3n competente y notificaciones<\/strong><br>Las presentes condiciones se rigen y se interpretan de acuerdo con las Leyes de<br>Espa\u00f1a. Para cualquier reclamaci\u00f3n ser\u00e1n competentes los juzgados y tribunales<br>de (indicar la ciudad). Todas las notificaciones, requerimientos, peticiones y<br>otras comunicaciones que el Usuario desee efectuar a la Empresa titular del<br>Portal deber\u00e1n realizarse por escrito y se entender\u00e1 que han sido correctamente<br>realizadas cuando hayan sido recibidas en la siguiente direcci\u00f3n (indicar<br>direcci\u00f3n de correo en la que se desean recibir las notificaciones).<\/li>\n<\/ol>\n\n\n\n<p><\/p>\n","protected":false},"excerpt":{"rendered":"<p>En cumplimiento de lo establecido en la Ley Org\u00e1nica 15\/1999, de 13 dediciembre, de Protecci\u00f3n de Datos de Car\u00e1cter Personal, Casa Stork secompromete a tratar de forma confidencial los datos de car\u00e1cter personalfacilitados y a no comunicar o ceder dicha informaci\u00f3n a terceros. Usted podr\u00e1 de forma libre y voluntaria facilitar la informaci\u00f3n que se [&hellip;]<\/p>\n","protected":false},"author":1,"featured_media":0,"parent":0,"menu_order":0,"comment_status":"closed","ping_status":"open","template":"","meta":[],"categories":[],"acf":[],"_links":{"self":[{"href":"https:\/\/casastork.es\/es\/wp-json\/wp\/v2\/pages\/3"}],"collection":[{"href":"https:\/\/casastork.es\/es\/wp-json\/wp\/v2\/pages"}],"about":[{"href":"https:\/\/casastork.es\/es\/wp-json\/wp\/v2\/types\/page"}],"author":[{"embeddable":true,"href":"https:\/\/casastork.es\/es\/wp-json\/wp\/v2\/users\/1"}],"replies":[{"embeddable":true,"href":"https:\/\/casastork.es\/es\/wp-json\/wp\/v2\/comments?post=3"}],"version-history":[{"count":2,"href":"https:\/\/casastork.es\/es\/wp-json\/wp\/v2\/pages\/3\/revisions"}],"predecessor-version":[{"id":3402,"href":"https:\/\/casastork.es\/es\/wp-json\/wp\/v2\/pages\/3\/revisions\/3402"}],"wp:attachment":[{"href":"https:\/\/casastork.es\/es\/wp-json\/wp\/v2\/media?parent=3"}],"wp:term":[{"taxonomy":"category","embeddable":true,"href":"https:\/\/casastork.es\/es\/wp-json\/wp\/v2\/categories?post=3"}],"curies":[{"name":"wp","href":"https:\/\/api.w.org\/{rel}","templated":true}]}}