{"id":1455,"date":"2022-02-18T09:08:39","date_gmt":"2022-02-18T08:08:39","guid":{"rendered":"https:\/\/casastork.es\/?page_id=1455"},"modified":"2024-03-29T15:14:05","modified_gmt":"2024-03-29T14:14:05","slug":"start","status":"publish","type":"page","link":"https:\/\/casastork.es\/nl\/","title":{"rendered":"Start"},"content":{"rendered":"\n<section class=\"is-layout-flex wp-block-group homepage-text\">\n<div class=\"is-layout-flow wp-block-group content-column\"><div class=\"wp-block-group__inner-container\">\n<div class=\"is-layout-flow wp-block-group block-wrapper\"><div class=\"wp-block-group__inner-container\">\n<h2 class=\"has-text-align-center block-title\"><br>WELKOM BIJ CASA STORK!<\/h2>\n\n\n\n<p class=\"block-content\">Wij zijn Age &amp; Nell Stork en wij heten u van harte welkom op onze website. Wij zijn de trotse eigenaars van<strong> Casa Stork<\/strong> bij het mooie C\u00f3mpeta, een leuk dorpje in het zonnige zuiden van Spanje. Wij wonen hier heel erg graag en willen &#8220;ons eigen plekje onder de zon&#8221; graag met u delen.<\/p>\n<\/div><\/div>\n<\/div><\/div>\n\n\n\n<div class=\"is-layout-flow wp-block-group separator-column\"><div class=\"wp-block-group__inner-container\">\n<hr class=\"wp-block-separator has-css-opacity\"\/>\n<\/div><\/div>\n<\/section>\n\n\n<div class=\"ti-widget ti-book\" data-layout-id=\"36\" data-set-id=\"light-background-large\" data-pid=\"b5167179c03e50ec942cb\" data-pager-autoplay-timeout=\"6\" > <div class=\"ti-widget-container ti-col-3\"> <div class=\"ti-reviews-container\"> <div class=\"ti-controls\"> <div class=\"ti-next\"><\/div> <div class=\"ti-prev\"><\/div> <\/div> <div class=\"ti-reviews-container-wrapper\">  <div data-empty=\"0\" class=\"ti-review-item source-Booking\" > <div class=\"ti-inner\"> <div class=\"ti-review-header\"> <div class=\"ti-profile-img\"> <img src=\"https:\/\/lh3.googleusercontent.com\/a\/AATXAJwh603zitacCWUDLDMSCpP_L6rSTdLhuRuTu69h=s96-c\" alt=\"Theising\" \/> <\/div> <div class=\"ti-profile-details\"> <div class=\"ti-name\"> Theising <\/div> <div class=\"ti-date\">10\/04\/2022<\/div> <\/div> <\/div> <span class=\"ti-stars\"><div class=\"ti-rating-box\">10<\/div><\/span> <div class=\"ti-review-content\"><!-- R-CONTENT --><strong>Exceptional<\/strong><!-- R-CONTENT --><\/div> <span class=\"ti-read-more\" data-container=\".ti-review-content\" data-collapse-text=\"Hide\" data-open-text=\"Read more\"><\/span> <\/div> <\/div>  <div data-empty=\"0\" class=\"ti-review-item source-Booking\" > <div class=\"ti-inner\"> <div class=\"ti-review-header\"> <div class=\"ti-profile-img\"> <img src=\"https:\/\/cf.bstatic.com\/static\/img\/review\/avatars\/ava-c\/315f92289c481a16de5ee7737aa1b5fd531afcce.png\" alt=\"Corine\" \/> <\/div> <div class=\"ti-profile-details\"> <div class=\"ti-name\"> Corine <\/div> <div class=\"ti-date\">04\/04\/2022<\/div> <\/div> <\/div> <span class=\"ti-stars\"><div class=\"ti-rating-box\">9.0<\/div><\/span> <div class=\"ti-review-content\"><!-- R-CONTENT --><strong>Genieten van de plek en de lieve eigenaars<\/strong>\n\u263aDe ligging is geweldig met prachtig uitzicht en veel sfeervolle plekjes om te zitten en te genieten \nHet lieflijke dorpje Competa op enkele kilometers.<!-- R-CONTENT --><\/div> <span class=\"ti-read-more\" data-container=\".ti-review-content\" data-collapse-text=\"Hide\" data-open-text=\"Read more\"><\/span> <\/div> <\/div>  <div data-empty=\"0\" class=\"ti-review-item source-Booking\" > <div class=\"ti-inner\"> <div class=\"ti-review-header\"> <div class=\"ti-profile-img\"> <img src=\"https:\/\/cf.bstatic.com\/static\/img\/review\/avatars\/ava-c\/315f92289c481a16de5ee7737aa1b5fd531afcce.png\" alt=\"Chris\" \/> <\/div> <div class=\"ti-profile-details\"> <div class=\"ti-name\"> Chris <\/div> <div class=\"ti-date\">05\/02\/2022<\/div> <\/div> <\/div> <span class=\"ti-stars\"><div class=\"ti-rating-box\">8.0<\/div><\/span> <div class=\"ti-review-content\"><!-- R-CONTENT --><strong>This was the perfect place for a peaceful and relaxing stay.<\/strong>\n\u263a Nell and Age were super hosts!. They live above the house so were available for anything we needed. They made us feel so very welcome, gave helpful advice on places to visit and go walking and we had some great conversations with them. They gave us fresh eggs from their lovely 3 chickens, freshly picked oranges, lemons and avocados! The house is a traditional rustic style, a mix of Spanish\/Dutch furnishings set high on the hill with spectacular views of the mountains and villages that we absolutely loved, very tranquil and peaceful! It was easy to drive to the local villages and explore the beautiful surroundings.\n\n\u2639 I wouldn't say we didn't like it, but be aware the house is set on a steep hill, hence the wonderful views!, but perfectly manageable, we had a big car and managed it well.<!-- R-CONTENT --><\/div> <span class=\"ti-read-more\" data-container=\".ti-review-content\" data-collapse-text=\"Hide\" data-open-text=\"Read more\"><\/span> <\/div> <\/div>  <div data-empty=\"0\" class=\"ti-review-item source-Booking\" > <div class=\"ti-inner\"> <div class=\"ti-review-header\"> <div class=\"ti-profile-img\"> <img src=\"https:\/\/lh3.googleusercontent.com\/a\/AATXAJyAjLn12dbwsWBXZnS5DYfceNdo6_eSGdrV3N0=s96-c\" alt=\"Carlos\" \/> <\/div> <div class=\"ti-profile-details\"> <div class=\"ti-name\"> Carlos <\/div> <div class=\"ti-date\">09\/12\/2021<\/div> <\/div> <\/div> <span class=\"ti-stars\"><div class=\"ti-rating-box\">8.0<\/div><\/span> <div class=\"ti-review-content\"><!-- R-CONTENT --><strong>!!Por dos cositas!!<\/strong>\n\u263aLa casa, las personas que la llevan, los pueblecitos de alrededor, etc...\n\n\u2639La televisi\u00f3n no esta en espa\u00f1ol, solo se cogen dos o tres canales autonomicos. La calefaccion funcionaba a ratos.<!-- R-CONTENT --><\/div> <span class=\"ti-read-more\" data-container=\".ti-review-content\" data-collapse-text=\"Hide\" data-open-text=\"Read more\"><\/span> <\/div> <\/div>  <div data-empty=\"0\" class=\"ti-review-item source-Booking\" > <div class=\"ti-inner\"> <div class=\"ti-review-header\"> <div class=\"ti-profile-img\"> <img src=\"https:\/\/cf.bstatic.com\/static\/img\/review\/avatars\/ava-a\/2c7be68fb3f987f1352e7b289d4b24137e1a283d.png\" alt=\"Anonymous\" \/> <\/div> <div class=\"ti-profile-details\"> <div class=\"ti-name\"> Anonymous <\/div> <div class=\"ti-date\">06\/11\/2021<\/div> <\/div> <\/div> <span class=\"ti-stars\"><div class=\"ti-rating-box\">10<\/div><\/span> <div class=\"ti-review-content\"><!-- R-CONTENT --><strong>Maravillosa estancia.<\/strong>\n\u263aEl magn\u00edfico paisajelas vistas maravillosas a la sierra y el pueblo de c\u00f3mpeta al fondo, la barbacoa muy c\u00f3moda y con tapa, fenomenal para la lluvia que nos sorprendi\u00f3, el ba\u00f1o amplio y grande con una ducha muy c\u00f3moda, el absoluto silencio en la vivienda, y levantarme por la ma\u00f1ana y ver a un precioso burrito por la ventana observandonos. Tambi\u00e9n sobre los due\u00f1os una agradable pareja que estuvo atenta a todo lo que le demandamos, he hizo lo que estuvo en su mano, por que nuestra estancia fuera lo m\u00e1s c\u00f3moda posible. Nos recibieron con una bonita botella, bandeja y vasos de vino de c\u00f3mpeta, y tambi\u00e9n nos dejaron en la cocina por si apeteceia 4 huevos reci\u00e9n puestos de sus gallinas que est\u00e1n all\u00ed mismo junto a la casa. En fin todo fenomenal. Tambi\u00e9n rese\u00f1ar que por otra lluvia inesperada y el poco tiempo que nos sobr\u00f3 nos dejaron hacer la barbacoa para comer antes de volver a casa alargando un poco as\u00ed el check out.\n\n\u2639Todo aceptable, solo que el televisor solo captaba se\u00f1al, en espa\u00f1ol tele Galicia y otra auton\u00f3mica m\u00e1s.<!-- R-CONTENT --><\/div> <span class=\"ti-read-more\" data-container=\".ti-review-content\" data-collapse-text=\"Hide\" data-open-text=\"Read more\"><\/span> <\/div> <\/div>  <div data-empty=\"0\" class=\"ti-review-item source-Booking\" > <div class=\"ti-inner\"> <div class=\"ti-review-header\"> <div class=\"ti-profile-img\"> <img src=\"https:\/\/lh5.googleusercontent.com\/-HWdCHaykC8w\/AAAAAAAAAAI\/AAAAAAAAAAA\/P86DpXiDVEQ\/s96-c\/photo.jpg\" alt=\"Petrus\" \/> <\/div> <div class=\"ti-profile-details\"> <div class=\"ti-name\"> Petrus <\/div> <div class=\"ti-date\">27\/10\/2021<\/div> <\/div> <\/div> <span class=\"ti-stars\"><div class=\"ti-rating-box\">9.0<\/div><\/span> <div class=\"ti-review-content\"><!-- R-CONTENT --><strong>Heerlijke vakantieplek waar je helemaal tot rust komt! Aanrader!<\/strong>\n\u263aHet was een prachtig verblijf. De ligging was super mooi. Heel vriendelijke behulpzame beheerders. Fijn voor onze hond dat de tuin kon worden afgesloten. Zij kon heerlijk rondscharrelen in de tuin. Uitzicht geweldig! Grote woonkamer. Keuken met alles wat je nodig hebt om lekker te koken. Zeker een aanrader!\n\n\u2639Het ligt aan een bochtige bergweg. 's Avonds best moeilijk doordat de weg het niet verlicht is. Maar overdag goed te berijden.<!-- R-CONTENT --><\/div> <span class=\"ti-read-more\" data-container=\".ti-review-content\" data-collapse-text=\"Hide\" data-open-text=\"Read more\"><\/span> <\/div> <\/div>  <div data-empty=\"0\" class=\"ti-review-item source-Booking\" > <div class=\"ti-inner\"> <div class=\"ti-review-header\"> <div class=\"ti-profile-img\"> <img src=\"https:\/\/cf.bstatic.com\/static\/img\/review\/avatars\/ava-m\/0e43c9b9a23d334b52510a328641c048847226bc.png\" alt=\"Marie\" \/> <\/div> <div class=\"ti-profile-details\"> <div class=\"ti-name\"> Marie <\/div> <div class=\"ti-date\">05\/09\/2021<\/div> <\/div> <\/div> <span class=\"ti-stars\"><div class=\"ti-rating-box\">10<\/div><\/span> <div class=\"ti-review-content\"><!-- R-CONTENT -->\u263aal de rest\n\n\u2639de bochten in de bergen<!-- R-CONTENT --><\/div> <span class=\"ti-read-more\" data-container=\".ti-review-content\" data-collapse-text=\"Hide\" data-open-text=\"Read more\"><\/span> <\/div> <\/div>  <div data-empty=\"0\" class=\"ti-review-item source-Booking\" > <div class=\"ti-inner\"> <div class=\"ti-review-header\"> <div class=\"ti-profile-img\"> <img src=\"https:\/\/lh3.googleusercontent.com\/a\/AATXAJyrr3SDFDJfNFUpS8vvbg__vn0Stb_XzamwlWCT=s96-c\" alt=\"Fernando\" \/> <\/div> <div class=\"ti-profile-details\"> <div class=\"ti-name\"> Fernando <\/div> <div class=\"ti-date\">31\/08\/2021<\/div> <\/div> <\/div> <span class=\"ti-stars\"><div class=\"ti-rating-box\">10<\/div><\/span> <div class=\"ti-review-content\"><!-- R-CONTENT -->\u263aAge y Nelly nos hicieron sentir como en casa en la \u00faltima semana de agosto. Precioso jard\u00edn con barbacoa y una piscina con numerosas tumbonas y  con impresionantes vistas a toda la comarca de la axarquia.<!-- R-CONTENT --><\/div> <span class=\"ti-read-more\" data-container=\".ti-review-content\" data-collapse-text=\"Hide\" data-open-text=\"Read more\"><\/span> <\/div> <\/div>  <div data-empty=\"0\" class=\"ti-review-item source-Booking\" > <div class=\"ti-inner\"> <div class=\"ti-review-header\"> <div class=\"ti-profile-img\"> <img src=\"https:\/\/cf.bstatic.com\/static\/img\/review\/avatars\/ava-c\/315f92289c481a16de5ee7737aa1b5fd531afcce.png\" alt=\"Cesar\" \/> <\/div> <div class=\"ti-profile-details\"> <div class=\"ti-name\"> Cesar <\/div> <div class=\"ti-date\">30\/08\/2021<\/div> <\/div> <\/div> <span class=\"ti-stars\"><div class=\"ti-rating-box\">10<\/div><\/span> <div class=\"ti-review-content\"><!-- R-CONTENT --><strong>Una casa muy acogedora<\/strong>\n\u263aEl estupendo jard\u00edn y las vistas.\n\n\u2639Nada.<!-- R-CONTENT --><\/div> <span class=\"ti-read-more\" data-container=\".ti-review-content\" data-collapse-text=\"Hide\" data-open-text=\"Read more\"><\/span> <\/div> <\/div>  <div data-empty=\"0\" class=\"ti-review-item source-Booking\" > <div class=\"ti-inner\"> <div class=\"ti-review-header\"> <div class=\"ti-profile-img\"> <img src=\"https:\/\/graph.facebook.com\/v2.9\/100005010309863\/picture?type=square&height=64&width=64\" alt=\"Gustavo\" \/> <\/div> <div class=\"ti-profile-details\"> <div class=\"ti-name\"> Gustavo <\/div> <div class=\"ti-date\">20\/08\/2021<\/div> <\/div> <\/div> <span class=\"ti-stars\"><div class=\"ti-rating-box\">10<\/div><\/span> <div class=\"ti-review-content\"><!-- R-CONTENT --><strong>Exceptional<\/strong><!-- R-CONTENT --><\/div> <span class=\"ti-read-more\" data-container=\".ti-review-content\" data-collapse-text=\"Hide\" data-open-text=\"Read more\"><\/span> <\/div> <\/div>  <\/div> <div class=\"ti-controls-line\"> <div class=\"dot\"><\/div> <\/div> <\/div> <div class=\"ti-footer\"> <div class=\"ti-rating-text\"> <span class=\"nowrap\"><strong>Booking<\/strong> rating score: <\/span><span class=\"nowrap\"><strong>9.2<\/strong> of 10, <\/span><span class=\"nowrap\">based on <strong>36 reviews<\/strong><\/span> <\/div> <\/div>  <\/div> <\/div>\n\n\n\n<div class=\"is-layout-flow wp-block-group\"><div class=\"wp-block-group__inner-container\"><\/div><\/div>\n\n\n\n<div class=\"is-layout-flow wp-block-group separator-column\"><div class=\"wp-block-group__inner-container\">\n<hr class=\"wp-block-separator has-css-opacity\"\/>\n<\/div><\/div>\n\n\n\n<div style=\"height:42px\" aria-hidden=\"true\" class=\"wp-block-spacer\"><\/div>\n\n\n\n<div class=\"is-layout-flow wp-block-group\"><div class=\"wp-block-group__inner-container\">\n<div class=\"is-layout-flow wp-block-group\"><div class=\"wp-block-group__inner-container\">\n<section class=\"is-layout-flex wp-block-group homepage-block\">\n<div class=\"is-layout-flow wp-block-group title-column\"><div class=\"wp-block-group__inner-container\">\n<div class=\"is-layout-flow wp-block-group title-wrapper\"><div class=\"wp-block-group__inner-container\">\n<h3 class=\"section-title\">DIT ZIJN WIJ<\/h3>\n\n\n\n<p class=\"section-subtitle\">Wij zijn Age &amp; Nell, een gezellig stel uit Nederland. Sinds 2009 wonen wij vlak naast het mooie C\u00f3mpeta in  Andalusi\u00eb. Wij houden ervan mensen te ontvangen en daarom bieden wij ons leuke gelijkvloerse appartement aan. Wij hebben er met heel veel liefde aan gewerkt en kunnen een plek aanbieden voor iedereen die van een mooie natuur, de zon en gewoon genieten houdt.<\/p>\n\n\n\n<p class=\"section-subtitle\">Onze gasten kunnen altijd bij ons terecht en wij vertellen met plezier over al het leuks dat in de omgeving te doen is. <\/p>\n\n\n\n<p class=\"section-subtitle\">Zelf houden wij van mooie wandelingen en leuke fietstochtjes. Daar geven wij heel graag leuke tips over, zodat u de leukste dingen in de regio kunnen leren kennen.<\/p>\n\n\n\n<p class=\"section-subtitle\">We kijken ernaar uit  om u in ons vakantie appartement te ontmoeten!<\/p>\n<\/div><\/div>\n\n\n\n<figure class=\"wp-block-image size-large section-figure\"><img decoding=\"async\" loading=\"lazy\" width=\"1024\" height=\"787\" src=\"https:\/\/casastork.es\/wp-content\/uploads\/2022\/05\/age-en-nell-1024x787.jpeg\" alt=\"\" class=\"wp-image-1543\" srcset=\"https:\/\/casastork.es\/wp-content\/uploads\/2022\/05\/age-en-nell-1024x787.jpeg 1024w, https:\/\/casastork.es\/wp-content\/uploads\/2022\/05\/age-en-nell-300x231.jpeg 300w, https:\/\/casastork.es\/wp-content\/uploads\/2022\/05\/age-en-nell-768x591.jpeg 768w, https:\/\/casastork.es\/wp-content\/uploads\/2022\/05\/age-en-nell.jpeg 1536w\" sizes=\"(max-width: 1024px) 100vw, 1024px\" \/><\/figure>\n<\/div><\/div>\n\n\n\n<div class=\"is-layout-flow wp-block-group content-column\"><div class=\"wp-block-group__inner-container\">\n<div class=\"is-layout-flow wp-block-group block-wrapper\"><div class=\"wp-block-group__inner-container\">\n<h3 class=\"block-title\">&#8220;ONS PLEKJE onder DE ZON&#8221;<\/h3>\n\n\n\n<figure class=\"wp-block-image size-full\"><img decoding=\"async\" loading=\"lazy\" width=\"903\" height=\"569\" src=\"https:\/\/casastork.es\/wp-content\/uploads\/2022\/05\/casa-stork02.jpg\" alt=\"\" class=\"wp-image-1540\" srcset=\"https:\/\/casastork.es\/wp-content\/uploads\/2022\/05\/casa-stork02.jpg 903w, https:\/\/casastork.es\/wp-content\/uploads\/2022\/05\/casa-stork02-300x189.jpg 300w, https:\/\/casastork.es\/wp-content\/uploads\/2022\/05\/casa-stork02-768x484.jpg 768w\" sizes=\"(max-width: 903px) 100vw, 903px\" \/><\/figure>\n\n\n\n<p>Dit is &#8220;Casa Stork&#8221;. In 1998 kochten wij een stuk grond met olijfbomen en maakten er een gezellig thuis van. Wij wonen heel erg graag in deze mooie streek in Andalusi\u00eb en vinden het dan ook erg leuk om ons huis te kunnen delen met anderen.<\/p>\n\n\n\n<p>Casa Stork is een rookvrij vakantieappartement voor  4 personen( extra bed plaatsen voor 5e persoon en\/of een babybedje is geen probleem) op de benedenverdieping van ons huis. Wij wonen op de 1e verdieping, boven het appartement. Doordat het appartement beneden is, krijgt u makkelijk toegang tot het grote overdekte terras en de omheinde tuin. <\/p>\n\n\n\n<p>Het appartement is verdeeld in twee slaapkamers, badkamer en woonkamer met keuken. De eerste slaapkamer is uitgerust met een tweepersoonsbed (180&#215;200 cm), een kaptafel en een kledingkast(2 deurs en een 1 deurskast), strijkplank en strijkbout. In de tweede slaapkamer staan twee eenpersoonsbedden (80&#215;200 cm), een 2 deurs kledingkast en een tafeltje met 2 stoelen. De badkamer is volledig uitgerust met douche, toilet en bidet, wastafel en voorzien van een f\u00f6hn en eenEHBO box.<\/p>\n\n\n\n<p>In de ruime woonkamer staat een flatscreen televisie met satellietzenders en er is WIFI in alle ruimtes. In de volledig uitgeruste keuken is alles aanwezig om een heerlijke Spaanse maaltijd te bereiden. <\/p>\n\n\n\n<p>Parkeren is makkelijk, dit is vlak naast de voordeur. Het appartement is volledig rolstoelvriendelijk.<\/p>\n\n\n\n<p>Huisdieren zijn bij ons van harte welkom en kunnen vrolijk en veilig spelen in de omheinde tuin. In deze tuin bevindt zich ook een BBQ en u kunt gebruik maken van ons opzet-zwembad, waar je dan gelijk kan genieten van het mooie uitzicht.<\/p>\n\n\n\n<p>Klik hieronder voor de fotogalerij en alle faciliteiten.<\/p>\n\n\n\n<div class=\"is-layout-flex wp-block-buttons\">\n<div class=\"wp-block-button block-button\"><a class=\"wp-block-button__link has-text-color wp-element-button\" href=\"\/nl\/ons-vakantieappartement\/\" style=\"color:#f1461b\">ONS VAKANTIEAPPARTEMENT<\/a><\/div>\n<\/div>\n<\/div><\/div>\n<\/div><\/div>\n\n\n\n<div class=\"is-layout-flow wp-block-group separator-column\"><div class=\"wp-block-group__inner-container\">\n<hr class=\"wp-block-separator has-css-opacity\"\/>\n<\/div><\/div>\n<\/section>\n<\/div><\/div>\n<\/div><\/div>\n\n\n\n<section class=\"is-layout-flex wp-block-group homepage-text\">\n<div class=\"is-layout-flow wp-block-group content-column\"><div class=\"wp-block-group__inner-container\">\n<div class=\"wp-block-webfactory-map content-column\"><div class=\"wp-block-webfactory-map\"><iframe loading=\"lazy\" width=\"100%\" height=\"300px\" src=\"https:\/\/www.google.com\/maps\/embed\/v1\/place?q=Pago%20Venta%20Real%2027%2C%2029753%20C%C3%B3mpeta&amp;maptype=roadmap&amp;zoom=11&amp;key=AIzaSyA0XuOqd1vDgnho1sy2pP-tE6FKTNMT2a8\" frameborder=\"0\"><\/iframe><\/div><\/div>\n\n\n\n<div class=\"is-layout-flow wp-block-group block-wrapper\"><div class=\"wp-block-group__inner-container\">\n<h2 class=\"has-text-align-center block-title\">LOCATIE<\/h2>\n\n\n\n<p>Ons vakantieappartement kan je vinden in \u00c1rchez, in de heuvels vlakbij het leuke dorp C\u00f3mpeta, waar het zeer rustig vertoeven is. Het ezeltje van onze buurman zal het lawaaierigste zijn wat je zal horen!<\/p>\n\n\n\n<p>De dichtstbijzijnde luchthaven is de luchthaven van M\u00e1laga, op 65 km, een auto huren is dan wel noodzakelijk<\/p>\n\n\n\n<p>Het gezellige dorpje van C\u00f3mpeta is slechts op 5 minuten afstand van de woning.<\/p>\n\n\n\n<p>Hebben jullie zin in een uitstapje naar het strand, dan zijn Nerja en Torrox heel dichtbij, op zo\u2019n 27 km.<\/p>\n\n\n\n<p>In de buurt is heel wat te doen. Lees hier meer over C\u00f3mpeta en omgeving!<\/p>\n\n\n\n<div class=\"is-content-justification-center is-layout-flex wp-container-16 wp-block-buttons\">\n<div class=\"wp-block-button block-button\"><a class=\"wp-block-button__link wp-element-button\" href=\"\/nl\/activiteiten\/\">mEER INFO<\/a><\/div>\n<\/div>\n<\/div><\/div>\n<\/div><\/div>\n\n\n\n<div class=\"is-layout-flow wp-block-group separator-column\"><div class=\"wp-block-group__inner-container\">\n<div class=\"is-layout-flow wp-block-group separator-column\"><div class=\"wp-block-group__inner-container\">\n<div class=\"is-layout-flow wp-block-group separator-column\"><div class=\"wp-block-group__inner-container\">\n<hr class=\"wp-block-separator has-css-opacity\"\/>\n<\/div><\/div>\n<\/div><\/div>\n<\/div><\/div>\n<\/section>\n\n\n\n<section class=\"is-layout-flex wp-block-group page-text-image\">\n<section class=\"is-layout-flex wp-block-group homepage-block\">\n<div class=\"is-layout-flow wp-block-group title-column\"><div class=\"wp-block-group__inner-container\">\n<figure class=\"wp-block-image size-large section-figure\"><img decoding=\"async\" loading=\"lazy\" width=\"1024\" height=\"681\" src=\"https:\/\/casastork.es\/wp-content\/uploads\/2022\/06\/DSC02065-1024x681.jpg\" alt=\"\" class=\"wp-image-1590\" srcset=\"https:\/\/casastork.es\/wp-content\/uploads\/2022\/06\/DSC02065-1024x681.jpg 1024w, https:\/\/casastork.es\/wp-content\/uploads\/2022\/06\/DSC02065-300x200.jpg 300w, https:\/\/casastork.es\/wp-content\/uploads\/2022\/06\/DSC02065-768x511.jpg 768w, https:\/\/casastork.es\/wp-content\/uploads\/2022\/06\/DSC02065-1536x1022.jpg 1536w, https:\/\/casastork.es\/wp-content\/uploads\/2022\/06\/DSC02065-2048x1362.jpg 2048w\" sizes=\"(max-width: 1024px) 100vw, 1024px\" \/><\/figure>\n<\/div><\/div>\n\n\n\n<div class=\"is-layout-flow wp-block-group content-column\"><div class=\"wp-block-group__inner-container\">\n<div class=\"is-layout-flow wp-block-group block-wrapper\"><div class=\"wp-block-group__inner-container\">\n<h3 class=\"block-title\">ReservERINGEN<\/h3>\n\n\n\n<p class=\"block-content\">We kijken er naar uit u te mogen verwelkomen in &#8220;Casa Stork&#8221;, dus klik op de knop hieronder en vind daar alles wat je moet weten om te reserveren. We helpen je heel graag verder!<\/p>\n\n\n\n<div class=\"is-layout-flex wp-block-buttons\">\n<div class=\"wp-block-button block-button\"><a class=\"wp-block-button__link has-text-color wp-element-button\" href=\"\/nl\/reserveringen\/\" style=\"color:#f1461b\">rESERVEER NU<\/a><\/div>\n<\/div>\n<\/div><\/div>\n<\/div><\/div>\n<\/section>\n<\/section>\n\n\n\n<div class=\"is-layout-flow wp-block-group separator-column\"><div class=\"wp-block-group__inner-container\">\n<hr class=\"wp-block-separator has-css-opacity\"\/>\n<\/div><\/div>\n","protected":false},"excerpt":{"rendered":"<p>WELKOM BIJ CASA STORK! Wij zijn Age &amp; Nell Stork en wij heten u van harte welkom op onze website. Wij zijn de trotse eigenaars van Casa Stork bij het mooie C\u00f3mpeta, een leuk dorpje in het zonnige zuiden van Spanje. Wij wonen hier heel erg graag en willen &#8220;ons eigen plekje onder de zon&#8221; [&hellip;]<\/p>\n","protected":false},"author":1,"featured_media":0,"parent":0,"menu_order":0,"comment_status":"closed","ping_status":"closed","template":"","meta":[],"categories":[],"acf":[],"_links":{"self":[{"href":"https:\/\/casastork.es\/nl\/wp-json\/wp\/v2\/pages\/1455"}],"collection":[{"href":"https:\/\/casastork.es\/nl\/wp-json\/wp\/v2\/pages"}],"about":[{"href":"https:\/\/casastork.es\/nl\/wp-json\/wp\/v2\/types\/page"}],"author":[{"embeddable":true,"href":"https:\/\/casastork.es\/nl\/wp-json\/wp\/v2\/users\/1"}],"replies":[{"embeddable":true,"href":"https:\/\/casastork.es\/nl\/wp-json\/wp\/v2\/comments?post=1455"}],"version-history":[{"count":69,"href":"https:\/\/casastork.es\/nl\/wp-json\/wp\/v2\/pages\/1455\/revisions"}],"predecessor-version":[{"id":2973,"href":"https:\/\/casastork.es\/nl\/wp-json\/wp\/v2\/pages\/1455\/revisions\/2973"}],"wp:attachment":[{"href":"https:\/\/casastork.es\/nl\/wp-json\/wp\/v2\/media?parent=1455"}],"wp:term":[{"taxonomy":"category","embeddable":true,"href":"https:\/\/casastork.es\/nl\/wp-json\/wp\/v2\/categories?post=1455"}],"curies":[{"name":"wp","href":"https:\/\/api.w.org\/{rel}","templated":true}]}}